{"id":108,"date":"2021-05-21T21:25:06","date_gmt":"2021-05-21T19:25:06","guid":{"rendered":"https:\/\/guitar-design.io\/?page_id=108"},"modified":"2021-08-30T13:31:31","modified_gmt":"2021-08-30T11:31:31","slug":"about-me","status":"publish","type":"page","link":"https:\/\/guitar-design.io\/index.php\/about-me\/","title":{"rendered":"About me"},"content":{"rendered":"\n<p><\/p>\n\n\n\n<div class=\"wp-block-media-text alignwide is-stacked-on-mobile is-vertically-aligned-top\"><figure class=\"wp-block-media-text__media\"><img loading=\"lazy\" width=\"577\" height=\"1024\" src=\"http:\/\/guitar-design.io\/wp-content\/uploads\/2021\/08\/20210607_235855-577x1024.jpg\" alt=\"\" class=\"wp-image-231 size-full\" srcset=\"https:\/\/guitar-design.io\/wp-content\/uploads\/2021\/08\/20210607_235855-577x1024.jpg 577w, https:\/\/guitar-design.io\/wp-content\/uploads\/2021\/08\/20210607_235855-169x300.jpg 169w, https:\/\/guitar-design.io\/wp-content\/uploads\/2021\/08\/20210607_235855-768x1364.jpg 768w, https:\/\/guitar-design.io\/wp-content\/uploads\/2021\/08\/20210607_235855-865x1536.jpg 865w, https:\/\/guitar-design.io\/wp-content\/uploads\/2021\/08\/20210607_235855-1153x2048.jpg 1153w, https:\/\/guitar-design.io\/wp-content\/uploads\/2021\/08\/20210607_235855-scaled.jpg 1442w\" sizes=\"(max-width: 577px) 100vw, 577px\" \/><\/figure><div class=\"wp-block-media-text__content\">\n<p class=\"has-drop-cap\"> <span class=\"has-inline-color has-teak-color\">Ich besch\u00e4ftige mich seit meiner Schulzeit mit Graphik Design und entwerfe Zeichnungen und Vorlagen aller Art. Jetzt habe ich meinen Beruf zum Hobby gemacht und erschaffe handbemalte Gitarren (Hier auf dem Bild ist &#8220;Lady Louis&#8221; zu sehen, meine erste Produktion, die nat\u00fcrlich f\u00fcr immer und ewig unverk\u00e4uflich bleiben wird &#8230;)<\/span><\/p>\n\n\n\n<p class=\"has-drop-cap\"> <span class=\"has-inline-color has-teak-color\">Ob mein neues Hobby dann wieder zum Beruf werden wird glaube ich nicht, weil viel Liebe zum Detail wohl keine finanzielle Zukunft darstellt und buchst\u00e4blich unbezahlbar ist, oder sagen wir in keinem Verh\u00e4ltnis zu dem Klang der Gitarre steht, der sich nat\u00fcrlich nicht ver\u00e4ndern darf. Und wenn die Gitarre wie hier z.B. die Stanford einen Wert von ca. 440,00\u20ac hat und nach 75 Stunden Handarbeit dann schlichtweg &#8220;nur&#8221; anders aussieht, dann ist zumindest einer gl\u00fccklich &#8230; Ich! \ud83d\ude42<\/span><\/p>\n\n\n\n<p class=\"has-drop-cap\"><span class=\"has-inline-color has-teak-color\"> <\/span> <\/p>\n<\/div><\/div>\n","protected":false},"excerpt":{"rendered":"<p>Ich besch\u00e4ftige mich seit meiner Schulzeit mit Graphik Design und entwerfe Zeichnungen und Vorlagen aller Art. Jetzt habe ich meinen [&hellip;]<\/p>\n","protected":false},"author":2,"featured_media":328,"parent":0,"menu_order":0,"comment_status":"closed","ping_status":"closed","template":"","meta":[],"_links":{"self":[{"href":"https:\/\/guitar-design.io\/index.php\/wp-json\/wp\/v2\/pages\/108"}],"collection":[{"href":"https:\/\/guitar-design.io\/index.php\/wp-json\/wp\/v2\/pages"}],"about":[{"href":"https:\/\/guitar-design.io\/index.php\/wp-json\/wp\/v2\/types\/page"}],"author":[{"embeddable":true,"href":"https:\/\/guitar-design.io\/index.php\/wp-json\/wp\/v2\/users\/2"}],"replies":[{"embeddable":true,"href":"https:\/\/guitar-design.io\/index.php\/wp-json\/wp\/v2\/comments?post=108"}],"version-history":[{"count":7,"href":"https:\/\/guitar-design.io\/index.php\/wp-json\/wp\/v2\/pages\/108\/revisions"}],"predecessor-version":[{"id":329,"href":"https:\/\/guitar-design.io\/index.php\/wp-json\/wp\/v2\/pages\/108\/revisions\/329"}],"wp:featuredmedia":[{"embeddable":true,"href":"https:\/\/guitar-design.io\/index.php\/wp-json\/wp\/v2\/media\/328"}],"wp:attachment":[{"href":"https:\/\/guitar-design.io\/index.php\/wp-json\/wp\/v2\/media?parent=108"}],"curies":[{"name":"wp","href":"https:\/\/api.w.org\/{rel}","templated":true}]}}