{"id":131,"date":"2021-05-21T22:12:29","date_gmt":"2021-05-21T20:12:29","guid":{"rendered":"https:\/\/guitar-design.io\/?page_id=131"},"modified":"2021-08-26T23:46:54","modified_gmt":"2021-08-26T21:46:54","slug":"about-tom","status":"publish","type":"page","link":"https:\/\/guitar-design.io\/index.php\/about-tom\/","title":{"rendered":"About Tom"},"content":{"rendered":"\n<div class=\"wp-block-image is-style-rounded\"><figure class=\"alignleft size-large is-resized\"><img src=\"https:\/\/guitar-design.io\/wp-content\/uploads\/2021\/08\/IMG_4946_pp-edited.jpg\" alt=\"\" class=\"wp-image-298\" width=\"458\" srcset=\"https:\/\/guitar-design.io\/wp-content\/uploads\/2021\/08\/IMG_4946_pp-edited.jpg 1153w, https:\/\/guitar-design.io\/wp-content\/uploads\/2021\/08\/IMG_4946_pp-edited-200x300.jpg 200w, https:\/\/guitar-design.io\/wp-content\/uploads\/2021\/08\/IMG_4946_pp-edited-683x1024.jpg 683w, https:\/\/guitar-design.io\/wp-content\/uploads\/2021\/08\/IMG_4946_pp-edited-768x1152.jpg 768w, https:\/\/guitar-design.io\/wp-content\/uploads\/2021\/08\/IMG_4946_pp-edited-1024x1536.jpg 1024w\" sizes=\"(max-width: 1153px) 100vw, 1153px\" \/><\/figure><\/div>\n\n\n\n<p class=\"has-drop-cap has-teak-color has-text-color\">Tom Steuer &#8230; (RIP since 16.10.2019). <\/p>\n\n\n\n<p class=\"has-text-color\" style=\"color:#c5a16b\">war ein K\u00fcnstler, Koch, Weltreisender, Schriftsteller und Philosoph. Er kreierte Bilder mit einfachen Mitteln, die \u00fcberall in strukturellen Formen in unserem Leben auftauchen &#8230;           <\/p>\n\n\n\n<p class=\"has-text-color\" style=\"color:#c5a16b\">Seine Lyrik &amp; Texte sowie M\u00e4rchen wurden in mehreren B\u00fcchern ver\u00f6ffentlicht.<\/p>\n\n\n\n<p class=\"has-text-color\" style=\"color:#c5a16b\"><\/p>\n\n\n\n<p class=\"has-text-color\" style=\"color:#c5a16b\"><\/p>\n\n\n\n<p class=\"has-text-color\" style=\"color:#c5a16b\">Ich durfte 7 Jahre Deine Erfahrungen erleben und k\u00fcnstlerisch verinnerlichen.<\/p>\n\n\n\n<p class=\"has-text-color\" style=\"color:#c5a16b\">Du hast mich zus\u00e4tzlich inspiriert, die Dinge der Welt auf meine Art zu betrachten &#8230; und bleibst somit ewiger Bestandteil meines k\u00fcnstlerischen Schaffens!<\/p>\n\n\n\n<p class=\"has-text-color\" style=\"color:#c5a16b\">Wir bleiben verbunden, Hoka Hey Bison! *kiss*<\/p>\n","protected":false},"excerpt":{"rendered":"<p>Tom Steuer &#8230; (RIP since 16.10.2019). war ein K\u00fcnstler, Koch, Weltreisender, Schriftsteller und Philosoph. Er kreierte Bilder mit einfachen Mitteln, [&hellip;]<\/p>\n","protected":false},"author":2,"featured_media":301,"parent":0,"menu_order":0,"comment_status":"closed","ping_status":"closed","template":"","meta":[],"_links":{"self":[{"href":"https:\/\/guitar-design.io\/index.php\/wp-json\/wp\/v2\/pages\/131"}],"collection":[{"href":"https:\/\/guitar-design.io\/index.php\/wp-json\/wp\/v2\/pages"}],"about":[{"href":"https:\/\/guitar-design.io\/index.php\/wp-json\/wp\/v2\/types\/page"}],"author":[{"embeddable":true,"href":"https:\/\/guitar-design.io\/index.php\/wp-json\/wp\/v2\/users\/2"}],"replies":[{"embeddable":true,"href":"https:\/\/guitar-design.io\/index.php\/wp-json\/wp\/v2\/comments?post=131"}],"version-history":[{"count":31,"href":"https:\/\/guitar-design.io\/index.php\/wp-json\/wp\/v2\/pages\/131\/revisions"}],"predecessor-version":[{"id":300,"href":"https:\/\/guitar-design.io\/index.php\/wp-json\/wp\/v2\/pages\/131\/revisions\/300"}],"wp:featuredmedia":[{"embeddable":true,"href":"https:\/\/guitar-design.io\/index.php\/wp-json\/wp\/v2\/media\/301"}],"wp:attachment":[{"href":"https:\/\/guitar-design.io\/index.php\/wp-json\/wp\/v2\/media?parent=131"}],"curies":[{"name":"wp","href":"https:\/\/api.w.org\/{rel}","templated":true}]}}